{"id":9891,"date":"2025-12-04T21:13:55","date_gmt":"2025-12-04T21:13:55","guid":{"rendered":"https:\/\/sarpakete.com\/index.php\/urun\/zumra-serisi-siyah-mermer-desen-80x132-acilabilir-mdf-mutfak-masasi-takimi-6-adet-sandalye-2\/"},"modified":"2025-12-04T21:14:05","modified_gmt":"2025-12-04T21:14:05","slug":"zumra-serisi-siyah-mermer-desen-80x132-acilabilir-mdf-mutfak-masasi-takimi-6-adet-sandalye-2","status":"publish","type":"product","link":"https:\/\/sarpakete.com\/index.php\/urun\/zumra-serisi-siyah-mermer-desen-80x132-acilabilir-mdf-mutfak-masasi-takimi-6-adet-sandalye-2\/","title":{"rendered":"Z\u00fcmra Serisi, Siyah Mermer Desen 80&#215;132 A\u00e7\u0131labilir Mdf Mutfak Masas\u0131 Tak\u0131m\u0131 6 Adet Sandalye"},"content":{"rendered":"<p>Modern tasar\u0131m\u0131yla dikkat \u00e7eken Z\u00fcmra serisi, mutfaklar\u0131n\u0131za \u015f\u0131kl\u0131k kat\u0131yor; Sandalyelerde kullan\u0131lan baby face kuma\u015f, yumu\u015fak dokusuyla konforlu bir oturma deneyimi sunuyor; A\u00e7\u0131l\u0131r masa fonksiyonu sayesinde, ihtiya\u00e7 duyuldu\u011funda ekstra alan yaratma imkan\u0131 sa\u011flar; 2 y\u0131l garanti s\u00fcresi ile uzun \u00f6m\u00fcrl\u00fc kullan\u0131m vaat eder; Cappucino rengi sandalyeler, mutfak dekorasyonunuza s\u0131cak ve davetkar bir atmosfer kazand\u0131r\u0131r;<\/p>\n","protected":false},"excerpt":{"rendered":"<p>Modern tasar\u0131m\u0131yla dikkat \u00e7eken Z\u00fcmra serisi, mutfaklar\u0131n\u0131za \u015f\u0131kl\u0131k kat\u0131yor; Sandalyelerde kullan\u0131lan baby face kuma\u015f, yumu\u015fak dokusuyla konforlu bir oturma deneyimi sunuyor; A\u00e7\u0131l\u0131r masa fonksiyonu sayesinde, ihtiya\u00e7 duyuldu\u011funda ekstra alan yaratma imkan\u0131 sa\u011flar; 2 y\u0131l garanti s\u00fcresi ile uzun \u00f6m\u00fcrl\u00fc kullan\u0131m vaat eder; Cappucino rengi sandalyeler, mutfak dekorasyonunuza s\u0131cak ve davetkar bir atmosfer kazand\u0131r\u0131r;<\/p>\n","protected":false},"featured_media":9890,"comment_status":"open","ping_status":"closed","template":"","meta":[],"product_brand":[229],"product_cat":[153],"product_tag":[],"class_list":{"0":"post-9891","1":"product","2":"type-product","3":"status-publish","4":"has-post-thumbnail","6":"product_brand-sar-pakete","7":"product_cat-mutfak-masasi-takimi","10":"instock","11":"shipping-taxable","12":"purchasable","13":"product-type-simple"},"_links":{"self":[{"href":"https:\/\/sarpakete.com\/index.php\/wp-json\/wp\/v2\/product\/9891","targetHints":{"allow":["GET"]}}],"collection":[{"href":"https:\/\/sarpakete.com\/index.php\/wp-json\/wp\/v2\/product"}],"about":[{"href":"https:\/\/sarpakete.com\/index.php\/wp-json\/wp\/v2\/types\/product"}],"replies":[{"embeddable":true,"href":"https:\/\/sarpakete.com\/index.php\/wp-json\/wp\/v2\/comments?post=9891"}],"version-history":[{"count":0,"href":"https:\/\/sarpakete.com\/index.php\/wp-json\/wp\/v2\/product\/9891\/revisions"}],"wp:featuredmedia":[{"embeddable":true,"href":"https:\/\/sarpakete.com\/index.php\/wp-json\/wp\/v2\/media\/9890"}],"wp:attachment":[{"href":"https:\/\/sarpakete.com\/index.php\/wp-json\/wp\/v2\/media?parent=9891"}],"wp:term":[{"taxonomy":"product_brand","embeddable":true,"href":"https:\/\/sarpakete.com\/index.php\/wp-json\/wp\/v2\/product_brand?post=9891"},{"taxonomy":"product_cat","embeddable":true,"href":"https:\/\/sarpakete.com\/index.php\/wp-json\/wp\/v2\/product_cat?post=9891"},{"taxonomy":"product_tag","embeddable":true,"href":"https:\/\/sarpakete.com\/index.php\/wp-json\/wp\/v2\/product_tag?post=9891"}],"curies":[{"name":"wp","href":"https:\/\/api.w.org\/{rel}","templated":true}]}}