{"id":9873,"date":"2025-12-04T21:13:23","date_gmt":"2025-12-04T21:13:23","guid":{"rendered":"https:\/\/sarpakete.com\/index.php\/urun\/zumra-serisi-siyah-mermer-desen-80x132-acilabilir-mdf-mutfak-masasi-takimi-4-adet-sandalye-5\/"},"modified":"2025-12-04T21:13:31","modified_gmt":"2025-12-04T21:13:31","slug":"zumra-serisi-siyah-mermer-desen-80x132-acilabilir-mdf-mutfak-masasi-takimi-4-adet-sandalye-5","status":"publish","type":"product","link":"https:\/\/sarpakete.com\/index.php\/urun\/zumra-serisi-siyah-mermer-desen-80x132-acilabilir-mdf-mutfak-masasi-takimi-4-adet-sandalye-5\/","title":{"rendered":"Z\u00fcmra Serisi, Siyah Mermer Desen 80&#215;132 A\u00e7\u0131labilir Mdf Mutfak Masas\u0131 Tak\u0131m\u0131 4 Adet Sandalye"},"content":{"rendered":"<p>2 y\u0131l garanti s\u00fcresi ile uzun \u00f6m\u00fcrl\u00fc kullan\u0131m sunar; Modern tasar\u0131m\u0131yla mutfak dekorasyonunuza \u015f\u0131k bir dokunu\u015f katar; Siyah renkli sandalyeleri, her t\u00fcrl\u00fc mutfak dekorasyonuyla kolayca uyum sa\u011flar; Sandalyelerde kullan\u0131lan baby face kuma\u015f, yumu\u015fak dokusuyla konforlu oturumlar sunar; A\u00e7\u0131l\u0131r masa fonksiyonu sayesinde alan tasarrufu sa\u011flar ve ihtiya\u00e7 duyuldu\u011funda ekstra masa alan\u0131 yarat\u0131r;<\/p>\n","protected":false},"excerpt":{"rendered":"<p>2 y\u0131l garanti s\u00fcresi ile uzun \u00f6m\u00fcrl\u00fc kullan\u0131m sunar; Modern tasar\u0131m\u0131yla mutfak dekorasyonunuza \u015f\u0131k bir dokunu\u015f katar; Siyah renkli sandalyeleri, her t\u00fcrl\u00fc mutfak dekorasyonuyla kolayca uyum sa\u011flar; Sandalyelerde kullan\u0131lan baby face kuma\u015f, yumu\u015fak dokusuyla konforlu oturumlar sunar; A\u00e7\u0131l\u0131r masa fonksiyonu sayesinde alan tasarrufu sa\u011flar ve ihtiya\u00e7 duyuldu\u011funda ekstra masa alan\u0131 yarat\u0131r;<\/p>\n","protected":false},"featured_media":9872,"comment_status":"open","ping_status":"closed","template":"","meta":[],"product_brand":[229],"product_cat":[153],"product_tag":[],"class_list":{"0":"post-9873","1":"product","2":"type-product","3":"status-publish","4":"has-post-thumbnail","6":"product_brand-sar-pakete","7":"product_cat-mutfak-masasi-takimi","10":"instock","11":"shipping-taxable","12":"purchasable","13":"product-type-simple"},"_links":{"self":[{"href":"https:\/\/sarpakete.com\/index.php\/wp-json\/wp\/v2\/product\/9873","targetHints":{"allow":["GET"]}}],"collection":[{"href":"https:\/\/sarpakete.com\/index.php\/wp-json\/wp\/v2\/product"}],"about":[{"href":"https:\/\/sarpakete.com\/index.php\/wp-json\/wp\/v2\/types\/product"}],"replies":[{"embeddable":true,"href":"https:\/\/sarpakete.com\/index.php\/wp-json\/wp\/v2\/comments?post=9873"}],"version-history":[{"count":0,"href":"https:\/\/sarpakete.com\/index.php\/wp-json\/wp\/v2\/product\/9873\/revisions"}],"wp:featuredmedia":[{"embeddable":true,"href":"https:\/\/sarpakete.com\/index.php\/wp-json\/wp\/v2\/media\/9872"}],"wp:attachment":[{"href":"https:\/\/sarpakete.com\/index.php\/wp-json\/wp\/v2\/media?parent=9873"}],"wp:term":[{"taxonomy":"product_brand","embeddable":true,"href":"https:\/\/sarpakete.com\/index.php\/wp-json\/wp\/v2\/product_brand?post=9873"},{"taxonomy":"product_cat","embeddable":true,"href":"https:\/\/sarpakete.com\/index.php\/wp-json\/wp\/v2\/product_cat?post=9873"},{"taxonomy":"product_tag","embeddable":true,"href":"https:\/\/sarpakete.com\/index.php\/wp-json\/wp\/v2\/product_tag?post=9873"}],"curies":[{"name":"wp","href":"https:\/\/api.w.org\/{rel}","templated":true}]}}