{"id":9824,"date":"2025-12-04T21:11:39","date_gmt":"2025-12-04T21:11:39","guid":{"rendered":"https:\/\/sarpakete.com\/index.php\/urun\/zumra-serisi-mese-desen-80x132-acilabilir-mdf-mutfak-masasi-takimi-6-adet-sandalye-2\/"},"modified":"2025-12-04T21:11:45","modified_gmt":"2025-12-04T21:11:45","slug":"zumra-serisi-mese-desen-80x132-acilabilir-mdf-mutfak-masasi-takimi-6-adet-sandalye-2","status":"publish","type":"product","link":"https:\/\/sarpakete.com\/index.php\/urun\/zumra-serisi-mese-desen-80x132-acilabilir-mdf-mutfak-masasi-takimi-6-adet-sandalye-2\/","title":{"rendered":"Z\u00fcmra Serisi, Me\u015fe Desen 80&#215;132 A\u00e7\u0131labilir Mdf Mutfak Masas\u0131 Tak\u0131m\u0131 6 Adet Sandalye"},"content":{"rendered":"<p>&#8211; Lacivert renkli sandalyeler, modern mutfak dekorasyonunuza \u015f\u0131kl\u0131k katar; &#8211; Baby face kuma\u015f kaplama, yumu\u015fak dokusuyla konforlu bir oturma deneyimi sunar; &#8211; A\u00e7\u0131l\u0131r masa fonksiyonu sayesinde, ihtiya\u00e7 duyuldu\u011funda ekstra alan yaratma imkan\u0131 sa\u011flar; &#8211; Me\u015fe desenli tasar\u0131m, mutfak masan\u0131zda do\u011fal bir estetik olu\u015fturur;<\/p>\n","protected":false},"excerpt":{"rendered":"<p>&#8211; Lacivert renkli sandalyeler, modern mutfak dekorasyonunuza \u015f\u0131kl\u0131k katar; &#8211; Baby face kuma\u015f kaplama, yumu\u015fak dokusuyla konforlu bir oturma deneyimi sunar; &#8211; A\u00e7\u0131l\u0131r masa fonksiyonu sayesinde, ihtiya\u00e7 duyuldu\u011funda ekstra alan yaratma imkan\u0131 sa\u011flar; &#8211; Me\u015fe desenli tasar\u0131m, mutfak masan\u0131zda do\u011fal bir estetik olu\u015fturur;<\/p>\n","protected":false},"featured_media":9823,"comment_status":"open","ping_status":"closed","template":"","meta":[],"product_brand":[229],"product_cat":[153],"product_tag":[],"class_list":{"0":"post-9824","1":"product","2":"type-product","3":"status-publish","4":"has-post-thumbnail","6":"product_brand-sar-pakete","7":"product_cat-mutfak-masasi-takimi","10":"instock","11":"shipping-taxable","12":"purchasable","13":"product-type-simple"},"_links":{"self":[{"href":"https:\/\/sarpakete.com\/index.php\/wp-json\/wp\/v2\/product\/9824","targetHints":{"allow":["GET"]}}],"collection":[{"href":"https:\/\/sarpakete.com\/index.php\/wp-json\/wp\/v2\/product"}],"about":[{"href":"https:\/\/sarpakete.com\/index.php\/wp-json\/wp\/v2\/types\/product"}],"replies":[{"embeddable":true,"href":"https:\/\/sarpakete.com\/index.php\/wp-json\/wp\/v2\/comments?post=9824"}],"version-history":[{"count":0,"href":"https:\/\/sarpakete.com\/index.php\/wp-json\/wp\/v2\/product\/9824\/revisions"}],"wp:featuredmedia":[{"embeddable":true,"href":"https:\/\/sarpakete.com\/index.php\/wp-json\/wp\/v2\/media\/9823"}],"wp:attachment":[{"href":"https:\/\/sarpakete.com\/index.php\/wp-json\/wp\/v2\/media?parent=9824"}],"wp:term":[{"taxonomy":"product_brand","embeddable":true,"href":"https:\/\/sarpakete.com\/index.php\/wp-json\/wp\/v2\/product_brand?post=9824"},{"taxonomy":"product_cat","embeddable":true,"href":"https:\/\/sarpakete.com\/index.php\/wp-json\/wp\/v2\/product_cat?post=9824"},{"taxonomy":"product_tag","embeddable":true,"href":"https:\/\/sarpakete.com\/index.php\/wp-json\/wp\/v2\/product_tag?post=9824"}],"curies":[{"name":"wp","href":"https:\/\/api.w.org\/{rel}","templated":true}]}}