{"id":9812,"date":"2025-12-04T21:11:16","date_gmt":"2025-12-04T21:11:16","guid":{"rendered":"https:\/\/sarpakete.com\/index.php\/urun\/zumra-serisi-mese-desen-80x132-acilabilir-mdf-mutfak-masasi-takimi-4-adet-sandalye-6\/"},"modified":"2025-12-04T21:11:25","modified_gmt":"2025-12-04T21:11:25","slug":"zumra-serisi-mese-desen-80x132-acilabilir-mdf-mutfak-masasi-takimi-4-adet-sandalye-6","status":"publish","type":"product","link":"https:\/\/sarpakete.com\/index.php\/urun\/zumra-serisi-mese-desen-80x132-acilabilir-mdf-mutfak-masasi-takimi-4-adet-sandalye-6\/","title":{"rendered":"Z\u00fcmra Serisi, Me\u015fe Desen 80&#215;132 A\u00e7\u0131labilir Mdf Mutfak Masas\u0131 Tak\u0131m\u0131 4 Adet Sandalye"},"content":{"rendered":"<p>Modern tasar\u0131m\u0131yla dikkat \u00e7eken Z\u00fcmra serisi, antrasit renkli sandalyeleriyle \u015f\u0131kl\u0131\u011f\u0131 ve konforu bir arada sunar; 2 y\u0131l garanti s\u00fcresi ile uzun \u00f6m\u00fcrl\u00fc kullan\u0131m vaat eder; Sandalyelerde kullan\u0131lan baby face kuma\u015f, yumu\u015fak dokusuyla rahat bir oturma deneyimi sa\u011flar; A\u00e7\u0131l\u0131r masa fonksiyonu sayesinde, ihtiya\u00e7 duyuldu\u011funda ekstra alan yaratma imkan\u0131 sunar;<\/p>\n","protected":false},"excerpt":{"rendered":"<p>Modern tasar\u0131m\u0131yla dikkat \u00e7eken Z\u00fcmra serisi, antrasit renkli sandalyeleriyle \u015f\u0131kl\u0131\u011f\u0131 ve konforu bir arada sunar; 2 y\u0131l garanti s\u00fcresi ile uzun \u00f6m\u00fcrl\u00fc kullan\u0131m vaat eder; Sandalyelerde kullan\u0131lan baby face kuma\u015f, yumu\u015fak dokusuyla rahat bir oturma deneyimi sa\u011flar; A\u00e7\u0131l\u0131r masa fonksiyonu sayesinde, ihtiya\u00e7 duyuldu\u011funda ekstra alan yaratma imkan\u0131 sunar;<\/p>\n","protected":false},"featured_media":9811,"comment_status":"open","ping_status":"closed","template":"","meta":[],"product_brand":[229],"product_cat":[153],"product_tag":[],"class_list":{"0":"post-9812","1":"product","2":"type-product","3":"status-publish","4":"has-post-thumbnail","6":"product_brand-sar-pakete","7":"product_cat-mutfak-masasi-takimi","10":"instock","11":"shipping-taxable","12":"purchasable","13":"product-type-simple"},"_links":{"self":[{"href":"https:\/\/sarpakete.com\/index.php\/wp-json\/wp\/v2\/product\/9812","targetHints":{"allow":["GET"]}}],"collection":[{"href":"https:\/\/sarpakete.com\/index.php\/wp-json\/wp\/v2\/product"}],"about":[{"href":"https:\/\/sarpakete.com\/index.php\/wp-json\/wp\/v2\/types\/product"}],"replies":[{"embeddable":true,"href":"https:\/\/sarpakete.com\/index.php\/wp-json\/wp\/v2\/comments?post=9812"}],"version-history":[{"count":0,"href":"https:\/\/sarpakete.com\/index.php\/wp-json\/wp\/v2\/product\/9812\/revisions"}],"wp:featuredmedia":[{"embeddable":true,"href":"https:\/\/sarpakete.com\/index.php\/wp-json\/wp\/v2\/media\/9811"}],"wp:attachment":[{"href":"https:\/\/sarpakete.com\/index.php\/wp-json\/wp\/v2\/media?parent=9812"}],"wp:term":[{"taxonomy":"product_brand","embeddable":true,"href":"https:\/\/sarpakete.com\/index.php\/wp-json\/wp\/v2\/product_brand?post=9812"},{"taxonomy":"product_cat","embeddable":true,"href":"https:\/\/sarpakete.com\/index.php\/wp-json\/wp\/v2\/product_cat?post=9812"},{"taxonomy":"product_tag","embeddable":true,"href":"https:\/\/sarpakete.com\/index.php\/wp-json\/wp\/v2\/product_tag?post=9812"}],"curies":[{"name":"wp","href":"https:\/\/api.w.org\/{rel}","templated":true}]}}