{"id":9800,"date":"2025-12-04T21:10:53","date_gmt":"2025-12-04T21:10:53","guid":{"rendered":"https:\/\/sarpakete.com\/index.php\/urun\/zumra-serisi-mese-desen-80x132-acilabilir-mdf-mutfak-masasi-takimi-4-adet-sandalye-4\/"},"modified":"2025-12-04T21:11:01","modified_gmt":"2025-12-04T21:11:01","slug":"zumra-serisi-mese-desen-80x132-acilabilir-mdf-mutfak-masasi-takimi-4-adet-sandalye-4","status":"publish","type":"product","link":"https:\/\/sarpakete.com\/index.php\/urun\/zumra-serisi-mese-desen-80x132-acilabilir-mdf-mutfak-masasi-takimi-4-adet-sandalye-4\/","title":{"rendered":"Z\u00fcmra Serisi, Me\u015fe Desen 80&#215;132 A\u00e7\u0131labilir Mdf Mutfak Masas\u0131 Tak\u0131m\u0131 4 Adet Sandalye"},"content":{"rendered":"<p>A\u00e7\u0131l\u0131r masa fonksiyonu sayesinde, ihtiya\u00e7 duyuldu\u011funda ekstra alan yaratma imkan\u0131 sunar ve mutfakta daha fazla hareket alan\u0131 sa\u011flar; 2 y\u0131l garanti s\u00fcresi ile uzun vadeli kullan\u0131m g\u00fcvencesi verir, b\u00f6ylece yat\u0131r\u0131m\u0131n\u0131z\u0131n uzun \u00f6m\u00fcrl\u00fc olmas\u0131n\u0131 sa\u011flar; Sandalyelerde kullan\u0131lan baby face kuma\u015f, yumu\u015fak dokusu ve kolay temizlenebilir yap\u0131s\u0131yla konforlu bir oturma deneyimi sunar; Antrasit rengi, modern mutfak dekorasyonlar\u0131na \u015f\u0131k ve zamans\u0131z bir uyum sa\u011flayarak mekan\u0131n\u0131za sofistike bir hava katar; Modern tema ve stil anlay\u0131\u015f\u0131yla tasarlanm\u0131\u015f olan bu mutfak masas\u0131 tak\u0131m\u0131, \u00e7a\u011fda\u015f ya\u015fam alanlar\u0131na estetik bir dokunu\u015f ekler;<\/p>\n","protected":false},"excerpt":{"rendered":"<p>A\u00e7\u0131l\u0131r masa fonksiyonu sayesinde, ihtiya\u00e7 duyuldu\u011funda ekstra alan yaratma imkan\u0131 sunar ve mutfakta daha fazla hareket alan\u0131 sa\u011flar; 2 y\u0131l garanti s\u00fcresi ile uzun vadeli kullan\u0131m g\u00fcvencesi verir, b\u00f6ylece yat\u0131r\u0131m\u0131n\u0131z\u0131n uzun \u00f6m\u00fcrl\u00fc olmas\u0131n\u0131 sa\u011flar; Sandalyelerde kullan\u0131lan baby face kuma\u015f, yumu\u015fak dokusu ve kolay temizlenebilir yap\u0131s\u0131yla konforlu bir oturma deneyimi sunar; Antrasit rengi, modern mutfak dekorasyonlar\u0131na &hellip; <a href=\"https:\/\/sarpakete.com\/index.php\/urun\/zumra-serisi-mese-desen-80x132-acilabilir-mdf-mutfak-masasi-takimi-4-adet-sandalye-4\/\" class=\"more-link\">Okumaya devam et <span class=\"screen-reader-text\">Z\u00fcmra Serisi, Me\u015fe Desen 80&#215;132 A\u00e7\u0131labilir Mdf Mutfak Masas\u0131 Tak\u0131m\u0131 4 Adet Sandalye<\/span><\/a><\/p>\n","protected":false},"featured_media":9799,"comment_status":"open","ping_status":"closed","template":"","meta":[],"product_brand":[229],"product_cat":[153],"product_tag":[],"class_list":{"0":"post-9800","1":"product","2":"type-product","3":"status-publish","4":"has-post-thumbnail","6":"product_brand-sar-pakete","7":"product_cat-mutfak-masasi-takimi","10":"instock","11":"shipping-taxable","12":"purchasable","13":"product-type-simple"},"_links":{"self":[{"href":"https:\/\/sarpakete.com\/index.php\/wp-json\/wp\/v2\/product\/9800","targetHints":{"allow":["GET"]}}],"collection":[{"href":"https:\/\/sarpakete.com\/index.php\/wp-json\/wp\/v2\/product"}],"about":[{"href":"https:\/\/sarpakete.com\/index.php\/wp-json\/wp\/v2\/types\/product"}],"replies":[{"embeddable":true,"href":"https:\/\/sarpakete.com\/index.php\/wp-json\/wp\/v2\/comments?post=9800"}],"version-history":[{"count":0,"href":"https:\/\/sarpakete.com\/index.php\/wp-json\/wp\/v2\/product\/9800\/revisions"}],"wp:featuredmedia":[{"embeddable":true,"href":"https:\/\/sarpakete.com\/index.php\/wp-json\/wp\/v2\/media\/9799"}],"wp:attachment":[{"href":"https:\/\/sarpakete.com\/index.php\/wp-json\/wp\/v2\/media?parent=9800"}],"wp:term":[{"taxonomy":"product_brand","embeddable":true,"href":"https:\/\/sarpakete.com\/index.php\/wp-json\/wp\/v2\/product_brand?post=9800"},{"taxonomy":"product_cat","embeddable":true,"href":"https:\/\/sarpakete.com\/index.php\/wp-json\/wp\/v2\/product_cat?post=9800"},{"taxonomy":"product_tag","embeddable":true,"href":"https:\/\/sarpakete.com\/index.php\/wp-json\/wp\/v2\/product_tag?post=9800"}],"curies":[{"name":"wp","href":"https:\/\/api.w.org\/{rel}","templated":true}]}}