{"id":9379,"date":"2025-12-04T20:58:05","date_gmt":"2025-12-04T20:58:05","guid":{"rendered":"https:\/\/sarpakete.com\/index.php\/urun\/almira-serisi-beyaz-mermer-desen-80x132-acilabilir-mdf-mutfak-masasi-takimi-6-adet-sandalye-4\/"},"modified":"2025-12-04T20:58:08","modified_gmt":"2025-12-04T20:58:08","slug":"almira-serisi-beyaz-mermer-desen-80x132-acilabilir-mdf-mutfak-masasi-takimi-6-adet-sandalye-4","status":"publish","type":"product","link":"https:\/\/sarpakete.com\/index.php\/urun\/almira-serisi-beyaz-mermer-desen-80x132-acilabilir-mdf-mutfak-masasi-takimi-6-adet-sandalye-4\/","title":{"rendered":"Almira Serisi, Beyaz Mermer Desen 80&#215;132 A\u00e7\u0131labilir Mdf Mutfak Masas\u0131 Tak\u0131m\u0131 6 Adet Sandalye"},"content":{"rendered":"<p>Almira Serisi 80&#215;132 A\u00e7\u0131labilir Mdf Mutfak Masas\u0131 Masa \u00d6zellikleri \u00d6l\u00e7\u00fcler: Kapal\u0131 \u00f6l\u00e7\u00fc; geni\u015flik 80 cm, uzunluk 132 cm A\u00e7\u0131k \u00f6l\u00e7\u00fc; geni\u015flik 80 cm, uzunluk 170 cm Yerden y\u00fckseklik; 78 cm Bak\u0131m \u00d6nerisi: Masa y\u00fczeyini bol su temas\u0131ndan uzak tutunuz.; Tabla Malzemesi: MDF Ayak Malzemesi: Ah\u015fap Sandalye \u00d6zellikleri \u00d6l\u00e7\u00fcler: Oturum derinli\u011fi 46 cm | Oturum geni\u015fli\u011fi 46 cm | Oturum y\u00fcksekli\u011fi 47 cm | Toplam y\u00fckseklik 94 cm Kuma\u015f \u00d6zellikleri: Antialerjik; kolay silinebilir babyface kuma\u015f kullan\u0131lm\u0131\u015ft\u0131r.; Oturak Malzemesi: Oturak k\u0131sm\u0131nda 28 DNS s\u00fcnger kullan\u0131lm\u0131\u015ft\u0131r.; S\u0131rt Deste\u011fi: Sandalyenin s\u0131rt k\u0131sm\u0131 bo\u015f de\u011fildir; tamamen s\u00fcnger ile doludur<\/p>\n","protected":false},"excerpt":{"rendered":"<p>Almira Serisi 80&#215;132 A\u00e7\u0131labilir Mdf Mutfak Masas\u0131 Masa \u00d6zellikleri \u00d6l\u00e7\u00fcler: Kapal\u0131 \u00f6l\u00e7\u00fc; geni\u015flik 80 cm, uzunluk 132 cm A\u00e7\u0131k \u00f6l\u00e7\u00fc; geni\u015flik 80 cm, uzunluk 170 cm Yerden y\u00fckseklik; 78 cm Bak\u0131m \u00d6nerisi: Masa y\u00fczeyini bol su temas\u0131ndan uzak tutunuz.; Tabla Malzemesi: MDF Ayak Malzemesi: Ah\u015fap Sandalye \u00d6zellikleri \u00d6l\u00e7\u00fcler: Oturum derinli\u011fi 46 cm | Oturum geni\u015fli\u011fi &hellip; <a href=\"https:\/\/sarpakete.com\/index.php\/urun\/almira-serisi-beyaz-mermer-desen-80x132-acilabilir-mdf-mutfak-masasi-takimi-6-adet-sandalye-4\/\" class=\"more-link\">Okumaya devam et <span class=\"screen-reader-text\">Almira Serisi, Beyaz Mermer Desen 80&#215;132 A\u00e7\u0131labilir Mdf Mutfak Masas\u0131 Tak\u0131m\u0131 6 Adet Sandalye<\/span><\/a><\/p>\n","protected":false},"featured_media":9378,"comment_status":"open","ping_status":"closed","template":"","meta":[],"product_brand":[229],"product_cat":[153],"product_tag":[],"class_list":{"0":"post-9379","1":"product","2":"type-product","3":"status-publish","4":"has-post-thumbnail","6":"product_brand-sar-pakete","7":"product_cat-mutfak-masasi-takimi","10":"instock","11":"shipping-taxable","12":"purchasable","13":"product-type-simple"},"_links":{"self":[{"href":"https:\/\/sarpakete.com\/index.php\/wp-json\/wp\/v2\/product\/9379","targetHints":{"allow":["GET"]}}],"collection":[{"href":"https:\/\/sarpakete.com\/index.php\/wp-json\/wp\/v2\/product"}],"about":[{"href":"https:\/\/sarpakete.com\/index.php\/wp-json\/wp\/v2\/types\/product"}],"replies":[{"embeddable":true,"href":"https:\/\/sarpakete.com\/index.php\/wp-json\/wp\/v2\/comments?post=9379"}],"version-history":[{"count":0,"href":"https:\/\/sarpakete.com\/index.php\/wp-json\/wp\/v2\/product\/9379\/revisions"}],"wp:featuredmedia":[{"embeddable":true,"href":"https:\/\/sarpakete.com\/index.php\/wp-json\/wp\/v2\/media\/9378"}],"wp:attachment":[{"href":"https:\/\/sarpakete.com\/index.php\/wp-json\/wp\/v2\/media?parent=9379"}],"wp:term":[{"taxonomy":"product_brand","embeddable":true,"href":"https:\/\/sarpakete.com\/index.php\/wp-json\/wp\/v2\/product_brand?post=9379"},{"taxonomy":"product_cat","embeddable":true,"href":"https:\/\/sarpakete.com\/index.php\/wp-json\/wp\/v2\/product_cat?post=9379"},{"taxonomy":"product_tag","embeddable":true,"href":"https:\/\/sarpakete.com\/index.php\/wp-json\/wp\/v2\/product_tag?post=9379"}],"curies":[{"name":"wp","href":"https:\/\/api.w.org\/{rel}","templated":true}]}}