{"id":10424,"date":"2025-12-04T21:29:01","date_gmt":"2025-12-04T21:29:01","guid":{"rendered":"https:\/\/sarpakete.com\/index.php\/urun\/rita-serisi-4-adet-gri-renk-elma-model-mutfak-sandalyesi-yemek-sandalyesi-siyah-metal-ayak\/"},"modified":"2025-12-04T21:29:09","modified_gmt":"2025-12-04T21:29:09","slug":"rita-serisi-4-adet-gri-renk-elma-model-mutfak-sandalyesi-yemek-sandalyesi-siyah-metal-ayak","status":"publish","type":"product","link":"https:\/\/sarpakete.com\/index.php\/urun\/rita-serisi-4-adet-gri-renk-elma-model-mutfak-sandalyesi-yemek-sandalyesi-siyah-metal-ayak\/","title":{"rendered":"Rita Serisi, 4 Adet Gri Renk Elma Model Mutfak Sandalyesi, Yemek Sandalyesi Siyah Metal Ayak"},"content":{"rendered":"<p>2 y\u0131l garanti s\u00fcresi ile uzun \u00f6m\u00fcrl\u00fc kullan\u0131m sunar; Modern tasar\u0131m\u0131yla mutfak dekorasyonunuza \u015f\u0131k bir dokunu\u015f katar; Dayan\u0131kl\u0131 metal malzeme yap\u0131s\u0131, uzun s\u00fcreli ve sa\u011flam bir kullan\u0131m vaat eder; Sandalye modeli, hem konforlu oturumlar hem de estetik g\u00f6r\u00fcn\u00fcm sa\u011flar; Baby face kuma\u015f kaplama, yumu\u015fak dokusuyla rahatl\u0131k ve kolay temizlenebilirlik sunar;<\/p>\n","protected":false},"excerpt":{"rendered":"<p>2 y\u0131l garanti s\u00fcresi ile uzun \u00f6m\u00fcrl\u00fc kullan\u0131m sunar; Modern tasar\u0131m\u0131yla mutfak dekorasyonunuza \u015f\u0131k bir dokunu\u015f katar; Dayan\u0131kl\u0131 metal malzeme yap\u0131s\u0131, uzun s\u00fcreli ve sa\u011flam bir kullan\u0131m vaat eder; Sandalye modeli, hem konforlu oturumlar hem de estetik g\u00f6r\u00fcn\u00fcm sa\u011flar; Baby face kuma\u015f kaplama, yumu\u015fak dokusuyla rahatl\u0131k ve kolay temizlenebilirlik sunar;<\/p>\n","protected":false},"featured_media":10423,"comment_status":"open","ping_status":"closed","template":"","meta":[],"product_brand":[229],"product_cat":[155],"product_tag":[],"class_list":{"0":"post-10424","1":"product","2":"type-product","3":"status-publish","4":"has-post-thumbnail","6":"product_brand-sar-pakete","7":"product_cat-mutfak-sandalyesi","10":"instock","11":"shipping-taxable","12":"purchasable","13":"product-type-simple"},"_links":{"self":[{"href":"https:\/\/sarpakete.com\/index.php\/wp-json\/wp\/v2\/product\/10424","targetHints":{"allow":["GET"]}}],"collection":[{"href":"https:\/\/sarpakete.com\/index.php\/wp-json\/wp\/v2\/product"}],"about":[{"href":"https:\/\/sarpakete.com\/index.php\/wp-json\/wp\/v2\/types\/product"}],"replies":[{"embeddable":true,"href":"https:\/\/sarpakete.com\/index.php\/wp-json\/wp\/v2\/comments?post=10424"}],"version-history":[{"count":0,"href":"https:\/\/sarpakete.com\/index.php\/wp-json\/wp\/v2\/product\/10424\/revisions"}],"wp:featuredmedia":[{"embeddable":true,"href":"https:\/\/sarpakete.com\/index.php\/wp-json\/wp\/v2\/media\/10423"}],"wp:attachment":[{"href":"https:\/\/sarpakete.com\/index.php\/wp-json\/wp\/v2\/media?parent=10424"}],"wp:term":[{"taxonomy":"product_brand","embeddable":true,"href":"https:\/\/sarpakete.com\/index.php\/wp-json\/wp\/v2\/product_brand?post=10424"},{"taxonomy":"product_cat","embeddable":true,"href":"https:\/\/sarpakete.com\/index.php\/wp-json\/wp\/v2\/product_cat?post=10424"},{"taxonomy":"product_tag","embeddable":true,"href":"https:\/\/sarpakete.com\/index.php\/wp-json\/wp\/v2\/product_tag?post=10424"}],"curies":[{"name":"wp","href":"https:\/\/api.w.org\/{rel}","templated":true}]}}