{"id":10178,"date":"2025-12-04T21:23:11","date_gmt":"2025-12-04T21:23:11","guid":{"rendered":"https:\/\/sarpakete.com\/index.php\/urun\/mitra-serisi-4-adet-antrasit-mutfak-sandalyesi-beyaz-gurgen-ayak-1-sinif-babyface-kumas\/"},"modified":"2025-12-04T21:23:13","modified_gmt":"2025-12-04T21:23:13","slug":"mitra-serisi-4-adet-antrasit-mutfak-sandalyesi-beyaz-gurgen-ayak-1-sinif-babyface-kumas","status":"publish","type":"product","link":"https:\/\/sarpakete.com\/index.php\/urun\/mitra-serisi-4-adet-antrasit-mutfak-sandalyesi-beyaz-gurgen-ayak-1-sinif-babyface-kumas\/","title":{"rendered":"Mitra Serisi, 4 Adet Antrasit Mutfak Sandalyesi, Beyaz G\u00fcrgen Ayak, 1. S\u0131n\u0131f Babyface Kuma\u015f"},"content":{"rendered":"<p>Mitra Serisi, 4 Adet Mutfak Sandalyesi, G\u00fcrgen Ayak, 1. S\u0131n\u0131f Babyface Kuma\u015f Sandalye \u00d6zellikleri \u00d6l\u00e7\u00fcler: Oturum derinli\u011fi 46 cm | Oturum geni\u015fli\u011fi 46 cm | Oturum y\u00fcksekli\u011fi 47 cm | Toplam y\u00fckseklik 94 cm Kuma\u015f \u00d6zellikleri: Antibakteriyel ve antialerjik; kolay silinebilir babyface kuma\u015f kullan\u0131lm\u0131\u015ft\u0131r.; Oturak Malzemesi: Oturak k\u0131sm\u0131nda 28 DNS s\u00fcnger kullan\u0131lm\u0131\u015ft\u0131r.; S\u0131rt Deste\u011fi: Sandalyenin s\u0131rt k\u0131sm\u0131 bo\u015f de\u011fildir; tamamen s\u00fcnger ile doludur.; Not: Sandalye aksesuar\u0131 gold renktir.; \u0130sterseniz g\u00fcm\u00fc\u015f yada aksesuars\u0131z olarak da tercih edebilirsiniz.; Sipari\u015f verdikten sonra bize mesaj atman\u0131z yeterli olacakt\u0131r<\/p>\n","protected":false},"excerpt":{"rendered":"<p>Mitra Serisi, 4 Adet Mutfak Sandalyesi, G\u00fcrgen Ayak, 1. S\u0131n\u0131f Babyface Kuma\u015f Sandalye \u00d6zellikleri \u00d6l\u00e7\u00fcler: Oturum derinli\u011fi 46 cm | Oturum geni\u015fli\u011fi 46 cm | Oturum y\u00fcksekli\u011fi 47 cm | Toplam y\u00fckseklik 94 cm Kuma\u015f \u00d6zellikleri: Antibakteriyel ve antialerjik; kolay silinebilir babyface kuma\u015f kullan\u0131lm\u0131\u015ft\u0131r.; Oturak Malzemesi: Oturak k\u0131sm\u0131nda 28 DNS s\u00fcnger kullan\u0131lm\u0131\u015ft\u0131r.; S\u0131rt Deste\u011fi: Sandalyenin &hellip; <a href=\"https:\/\/sarpakete.com\/index.php\/urun\/mitra-serisi-4-adet-antrasit-mutfak-sandalyesi-beyaz-gurgen-ayak-1-sinif-babyface-kumas\/\" class=\"more-link\">Okumaya devam et <span class=\"screen-reader-text\">Mitra Serisi, 4 Adet Antrasit Mutfak Sandalyesi, Beyaz G\u00fcrgen Ayak, 1. S\u0131n\u0131f Babyface Kuma\u015f<\/span><\/a><\/p>\n","protected":false},"featured_media":10177,"comment_status":"open","ping_status":"closed","template":"","meta":[],"product_brand":[229],"product_cat":[155],"product_tag":[],"class_list":{"0":"post-10178","1":"product","2":"type-product","3":"status-publish","4":"has-post-thumbnail","6":"product_brand-sar-pakete","7":"product_cat-mutfak-sandalyesi","10":"instock","11":"shipping-taxable","12":"purchasable","13":"product-type-simple"},"_links":{"self":[{"href":"https:\/\/sarpakete.com\/index.php\/wp-json\/wp\/v2\/product\/10178","targetHints":{"allow":["GET"]}}],"collection":[{"href":"https:\/\/sarpakete.com\/index.php\/wp-json\/wp\/v2\/product"}],"about":[{"href":"https:\/\/sarpakete.com\/index.php\/wp-json\/wp\/v2\/types\/product"}],"replies":[{"embeddable":true,"href":"https:\/\/sarpakete.com\/index.php\/wp-json\/wp\/v2\/comments?post=10178"}],"version-history":[{"count":0,"href":"https:\/\/sarpakete.com\/index.php\/wp-json\/wp\/v2\/product\/10178\/revisions"}],"wp:featuredmedia":[{"embeddable":true,"href":"https:\/\/sarpakete.com\/index.php\/wp-json\/wp\/v2\/media\/10177"}],"wp:attachment":[{"href":"https:\/\/sarpakete.com\/index.php\/wp-json\/wp\/v2\/media?parent=10178"}],"wp:term":[{"taxonomy":"product_brand","embeddable":true,"href":"https:\/\/sarpakete.com\/index.php\/wp-json\/wp\/v2\/product_brand?post=10178"},{"taxonomy":"product_cat","embeddable":true,"href":"https:\/\/sarpakete.com\/index.php\/wp-json\/wp\/v2\/product_cat?post=10178"},{"taxonomy":"product_tag","embeddable":true,"href":"https:\/\/sarpakete.com\/index.php\/wp-json\/wp\/v2\/product_tag?post=10178"}],"curies":[{"name":"wp","href":"https:\/\/api.w.org\/{rel}","templated":true}]}}